{"id":3273,"date":"2025-07-04T11:05:59","date_gmt":"2025-07-04T09:05:59","guid":{"rendered":"https:\/\/www.indiamallorca.com\/accesibilidad\/"},"modified":"2025-07-22T10:18:25","modified_gmt":"2025-07-22T08:18:25","slug":"barrierefreiheit","status":"publish","type":"page","link":"https:\/\/www.indiamallorca.com\/de\/barrierefreiheit\/","title":{"rendered":"Barrierefreiheit"},"content":{"rendered":"\t\t<div data-elementor-type=\"wp-page\" data-elementor-id=\"3273\" class=\"elementor elementor-3273 elementor-2956\" data-elementor-post-type=\"page\">\n\t\t\t\t\t\t<section class=\"elementor-section elementor-top-section elementor-element elementor-element-ba743a0 elementor-section-full_width elementor-section-height-default elementor-section-height-default\" data-id=\"ba743a0\" data-element_type=\"section\">\n\t\t\t\t\t\t<div class=\"elementor-container elementor-column-gap-default\">\n\t\t\t\t\t<div class=\"elementor-column elementor-col-100 elementor-top-column elementor-element elementor-element-2686b49\" data-id=\"2686b49\" data-element_type=\"column\">\n\t\t\t<div class=\"elementor-widget-wrap elementor-element-populated\">\n\t\t\t\t\t\t<div class=\"elementor-element elementor-element-727c9fd elementor-widget elementor-widget-heading\" data-id=\"727c9fd\" data-element_type=\"widget\" data-widget_type=\"heading.default\">\n\t\t\t\t<div class=\"elementor-widget-container\">\n\t\t\t\t\t<h1 class=\"elementor-heading-title elementor-size-default\">Barrierefreiheit<\/h1>\t\t\t\t<\/div>\n\t\t\t\t<\/div>\n\t\t\t\t<div class=\"elementor-element elementor-element-f93f015 elementor-widget elementor-widget-text-editor\" data-id=\"f93f015\" data-element_type=\"widget\" data-widget_type=\"text-editor.default\">\n\t\t\t\t<div class=\"elementor-widget-container\">\n\t\t\t\t\t\t\t\t\t<div class=\"row\"><div class=\"col-xl-10 mx-auto\"><div class=\"paper\"><header class=\"text-center\"><\/header><div><div class=\"row\"><div class=\"col col-xl-10 mx-auto\"><div class=\"paper\"><header class=\"text-center\"><p data-start=\"82\" data-end=\"132\"><strong data-start=\"82\" data-end=\"132\">Barrierefreiheitsrichtlinie<\/strong><\/p><p data-start=\"134\" data-end=\"412\">Die Firma Martinez Suard SL hat sich verpflichtet, ihre Webseite gem\u00e4\u00df dem K\u00f6niglichen Dekret 1112\/2018 vom 7. September \u00fcber die Barrierefreiheit von Webseiten und mobilen Anwendungen des \u00f6ffentlichen Sektors oder von europ\u00e4isch finanzierten Entwicklungen zug\u00e4nglich zu machen.<\/p><p data-start=\"414\" data-end=\"549\">Diese Barrierefreiheitserkl\u00e4rung gilt f\u00fcr die Webseite <a class=\"\" href=\"https:\/\/indiamallorca.com\" target=\"_new\" rel=\"noopener\" data-start=\"469\" data-end=\"494\">https:\/\/indiamallorca.com<\/a>, ausgenommen eingebettete Inhalte von anderen Domains.<\/p><hr data-start=\"551\" data-end=\"554\" \/><p data-start=\"556\" data-end=\"576\"><strong data-start=\"556\" data-end=\"576\">Erf\u00fcllungsstatus<\/strong><\/p><p data-start=\"578\" data-end=\"678\">Diese Webseite entspricht teilweise dem RD 1112\/2018 aufgrund der folgenden nicht erf\u00fcllten Aspekte.<\/p><hr data-start=\"680\" data-end=\"683\" \/><p data-start=\"685\" data-end=\"716\"><strong data-start=\"685\" data-end=\"716\">Nicht barrierefreie Inhalte<\/strong><\/p><p data-start=\"718\" data-end=\"799\">Die nachfolgend aufgef\u00fchrten Inhalte sind aus folgenden Gr\u00fcnden nicht zug\u00e4nglich:<\/p><p data-start=\"801\" data-end=\"821\">Nicht-Konformit\u00e4t:<\/p><ul data-start=\"822\" data-end=\"1197\"><li data-start=\"822\" data-end=\"988\"><p data-start=\"824\" data-end=\"988\">Es k\u00f6nnen einige Links vorhanden sein, deren Funktion oder Ziel nicht korrekt definiert sind \u2013 Anforderung Nummer 9.2.4.4 Zweck der Links gem\u00e4\u00df UNE-EN 301549:2020<\/p><\/li><li data-start=\"989\" data-end=\"1065\"><p data-start=\"991\" data-end=\"1065\">Gelegentliche redaktionelle Fehler auf einzelnen Webseiten sind m\u00f6glich.<\/p><\/li><li data-start=\"1066\" data-end=\"1117\"><p data-start=\"1068\" data-end=\"1117\">Unverh\u00e4ltnism\u00e4\u00dfige Belastung: Nicht zutreffend.<\/p><\/li><li data-start=\"1118\" data-end=\"1197\"><p data-start=\"1120\" data-end=\"1197\">Die Inhalte fallen nicht in den Anwendungsbereich der geltenden Gesetzgebung.<\/p><\/li><\/ul><p data-start=\"1199\" data-end=\"1379\">Es k\u00f6nnten PDF- oder andere Office-Dokumente ver\u00f6ffentlicht sein, die vor dem 20. September 2018 erstellt wurden und nicht vollst\u00e4ndig alle Barrierefreiheitsanforderungen erf\u00fcllen.<\/p><p data-start=\"1381\" data-end=\"1596\">Es kann Inhalte Dritter geben, die nicht von dieser Einheit entwickelt oder kontrolliert werden, wie beispielsweise Office-Dokumente verschiedener Institutionen, die auf dieser Webseite ver\u00f6ffentlicht werden m\u00fcssen.<\/p><hr data-start=\"1598\" data-end=\"1601\" \/><p data-start=\"1603\" data-end=\"1643\"><strong data-start=\"1603\" data-end=\"1643\">Bemerkungen und Kontaktinformationen<\/strong><\/p><p data-start=\"1645\" data-end=\"1763\">Sie k\u00f6nnen Mitteilungen zu Barrierefreiheitsanforderungen [Artikel 10.2.a) des RD 1112\/2018] machen, wie zum Beispiel:<\/p><ul data-start=\"1765\" data-end=\"2093\"><li data-start=\"1765\" data-end=\"1817\"><p data-start=\"1767\" data-end=\"1817\">Meldung m\u00f6glicher Verst\u00f6\u00dfe gegen diese Webseite.<\/p><\/li><li data-start=\"1818\" data-end=\"1872\"><p data-start=\"1820\" data-end=\"1872\">\u00dcbermittlung weiterer Zugangsprobleme zu Inhalten.<\/p><\/li><li data-start=\"1873\" data-end=\"2093\"><p data-start=\"1875\" data-end=\"2093\">Allgemeine Fragen oder Verbesserungsvorschl\u00e4ge zur Barrierefreiheit der Webseite \u00fcber folgendes Kontaktformular: <a class=\"\" href=\"https:\/\/indiamallorca.com\" target=\"_new\" rel=\"noopener\" data-start=\"1988\" data-end=\"2013\">https:\/\/indiamallorca.com<\/a> oder telefonisch unter (+34) 971 65 30 77 von Montag bis Freitag, 9 bis 14 Uhr.<\/p><\/li><\/ul><p data-start=\"2095\" data-end=\"2127\">Sie k\u00f6nnen Folgendes einreichen:<\/p><ul data-start=\"2129\" data-end=\"2493\"><li data-start=\"2129\" data-end=\"2209\"><p data-start=\"2131\" data-end=\"2209\">Eine Beschwerde bez\u00fcglich der Einhaltung der Anforderungen des RD 1112\/2018.<\/p><\/li><li data-start=\"2210\" data-end=\"2493\"><p data-start=\"2212\" data-end=\"2264\">Eine Anfrage nach barrierefreien Informationen zu:<\/p><ul data-start=\"2267\" data-end=\"2493\"><li data-start=\"2267\" data-end=\"2367\"><p data-start=\"2269\" data-end=\"2367\">Inhalten, die vom Anwendungsbereich des RD 1112\/2018 gem\u00e4\u00df Artikel 3, Absatz 4 ausgenommen sind.<\/p><\/li><li data-start=\"2370\" data-end=\"2493\"><p data-start=\"2372\" data-end=\"2493\">Inhalten, die von den Barrierefreiheitsanforderungen befreit sind, weil sie eine unverh\u00e4ltnism\u00e4\u00dfige Belastung darstellen.<\/p><\/li><\/ul><\/li><\/ul><p data-start=\"2495\" data-end=\"2688\">In der Anfrage nach barrierefreien Informationen m\u00fcssen die Fakten, Gr\u00fcnde und die Bitte klar dargestellt werden, um nachzuweisen, dass es sich um eine angemessene und legitime Anfrage handelt.<\/p><\/header><\/div><\/div><\/div><\/div><\/div><\/div><\/div>\t\t\t\t\t\t\t\t<\/div>\n\t\t\t\t<\/div>\n\t\t\t\t\t<\/div>\n\t\t<\/div>\n\t\t\t\t\t<\/div>\n\t\t<\/section>\n\t\t\t\t<\/div>\n\t\t","protected":false},"excerpt":{"rendered":"<p>Barrierefreiheit Barrierefreiheitsrichtlinie Die Firma Martinez Suard SL hat sich verpflichtet, ihre Webseite gem\u00e4\u00df dem K\u00f6niglichen Dekret 1112\/2018 vom 7. September \u00fcber die Barrierefreiheit von Webseiten und mobilen Anwendungen des \u00f6ffentlichen Sektors oder von europ\u00e4isch finanzierten Entwicklungen zug\u00e4nglich zu machen. Diese Barrierefreiheitserkl\u00e4rung gilt f\u00fcr die Webseite https:\/\/indiamallorca.com, ausgenommen eingebettete Inhalte von anderen Domains. Erf\u00fcllungsstatus Diese Webseite [&hellip;]<\/p>\n","protected":false},"author":6,"featured_media":0,"parent":0,"menu_order":0,"comment_status":"closed","ping_status":"closed","template":"","meta":{"_joinchat":[],"footnotes":""},"class_list":["post-3273","page","type-page","status-publish","hentry"],"_links":{"self":[{"href":"https:\/\/www.indiamallorca.com\/de\/wp-json\/wp\/v2\/pages\/3273","targetHints":{"allow":["GET"]}}],"collection":[{"href":"https:\/\/www.indiamallorca.com\/de\/wp-json\/wp\/v2\/pages"}],"about":[{"href":"https:\/\/www.indiamallorca.com\/de\/wp-json\/wp\/v2\/types\/page"}],"author":[{"embeddable":true,"href":"https:\/\/www.indiamallorca.com\/de\/wp-json\/wp\/v2\/users\/6"}],"replies":[{"embeddable":true,"href":"https:\/\/www.indiamallorca.com\/de\/wp-json\/wp\/v2\/comments?post=3273"}],"version-history":[{"count":5,"href":"https:\/\/www.indiamallorca.com\/de\/wp-json\/wp\/v2\/pages\/3273\/revisions"}],"predecessor-version":[{"id":3312,"href":"https:\/\/www.indiamallorca.com\/de\/wp-json\/wp\/v2\/pages\/3273\/revisions\/3312"}],"wp:attachment":[{"href":"https:\/\/www.indiamallorca.com\/de\/wp-json\/wp\/v2\/media?parent=3273"}],"curies":[{"name":"wp","href":"https:\/\/api.w.org\/{rel}","templated":true}]}}