{"id":3275,"date":"2025-07-04T11:04:30","date_gmt":"2025-07-04T09:04:30","guid":{"rendered":"https:\/\/www.indiamallorca.com\/rechtliche-bekanntmachung\/"},"modified":"2025-07-22T10:16:00","modified_gmt":"2025-07-22T08:16:00","slug":"rechtliche-bekanntmachung","status":"publish","type":"page","link":"https:\/\/www.indiamallorca.com\/de\/rechtliche-bekanntmachung\/","title":{"rendered":"Rechtliche Bekanntmachung"},"content":{"rendered":"\t\t<div data-elementor-type=\"wp-page\" data-elementor-id=\"3275\" class=\"elementor elementor-3275 elementor-2949\" data-elementor-post-type=\"page\">\n\t\t\t\t\t\t<section class=\"elementor-section elementor-top-section elementor-element elementor-element-8e5818f elementor-section-full_width elementor-section-height-default elementor-section-height-default\" data-id=\"8e5818f\" data-element_type=\"section\">\n\t\t\t\t\t\t<div class=\"elementor-container elementor-column-gap-default\">\n\t\t\t\t\t<div class=\"elementor-column elementor-col-100 elementor-top-column elementor-element elementor-element-a1fe7ac\" data-id=\"a1fe7ac\" data-element_type=\"column\">\n\t\t\t<div class=\"elementor-widget-wrap elementor-element-populated\">\n\t\t\t\t\t\t<div class=\"elementor-element elementor-element-92581b7 elementor-widget elementor-widget-heading\" data-id=\"92581b7\" data-element_type=\"widget\" data-widget_type=\"heading.default\">\n\t\t\t\t<div class=\"elementor-widget-container\">\n\t\t\t\t\t<h1 class=\"elementor-heading-title elementor-size-default\">Rechtliche Bekanntmachung<\/h1>\t\t\t\t<\/div>\n\t\t\t\t<\/div>\n\t\t\t\t<div class=\"elementor-element elementor-element-b498570 elementor-widget elementor-widget-text-editor\" data-id=\"b498570\" data-element_type=\"widget\" data-widget_type=\"text-editor.default\">\n\t\t\t\t<div class=\"elementor-widget-container\">\n\t\t\t\t\t\t\t\t\t<div class=\"row\"><div class=\"col-xl-10 mx-auto\"><div class=\"paper\"><header class=\"text-center\"><\/header><div><div class=\"row\"><div class=\"col col-xl-10 mx-auto\"><div class=\"paper\"><header class=\"text-center\"><p data-start=\"188\" data-end=\"219\"><strong data-start=\"188\" data-end=\"219\">I. ALLGEMEINE INFORMATIONEN<\/strong><\/p><p data-start=\"221\" data-end=\"481\">In \u00dcbereinstimmung mit der Informationspflicht gem\u00e4\u00df dem Gesetz 34\/2002 \u00fcber Dienste der Informationsgesellschaft und des elektronischen Gesch\u00e4ftsverkehrs (LSSI-CE) vom 11. Juli werden nachfolgend die allgemeinen Informationen zu dieser Website bereitgestellt:<\/p><p data-start=\"483\" data-end=\"657\">Inhaber dieser Website, <a class=\"\" href=\"https:\/\/www.indiamallorca.com\" target=\"_new\" rel=\"noopener\" data-start=\"507\" data-end=\"536\">https:\/\/www.indiamallorca.com<\/a> (im Folgenden \u201eWebsite\u201c), ist: Martinez Suard SL, mit der Steuernummer (NIF): B57327488, und mit folgenden Kontaktdaten:<\/p><p data-start=\"659\" data-end=\"781\">Adresse: Carrer de Consolaci\u00f3, 21, 07240, Sant Joan, Illes Balears<br data-start=\"725\" data-end=\"728\" \/>Telefon: 971 653 077<br data-start=\"748\" data-end=\"751\" \/>E-Mail: <a class=\"cursor-pointer\" rel=\"noopener\" data-start=\"759\" data-end=\"781\">mail@indiamallorca.com<\/a><\/p><hr data-start=\"783\" data-end=\"786\" \/><p data-start=\"788\" data-end=\"826\"><strong data-start=\"788\" data-end=\"826\">II. ALLGEMEINE NUTZUNGSBEDINGUNGEN<\/strong><\/p><p data-start=\"828\" data-end=\"871\"><strong data-start=\"828\" data-end=\"871\">Gegenstand der Bedingungen: Die Website<\/strong><\/p><p data-start=\"873\" data-end=\"1337\">Zweck dieser Allgemeinen Nutzungsbedingungen (im Folgenden \u201eBedingungen\u201c) ist die Regelung des Zugangs und der Nutzung der Website. Unter \u201eWebsite\u201c wird sowohl das \u00e4u\u00dfere Erscheinungsbild der Bildschirmoberfl\u00e4chen \u2013 statisch und dynamisch \u2013 als auch die Navigationstruktur sowie alle darin integrierten Elemente (im Folgenden \u201eInhalte\u201c) und s\u00e4mtliche Online-Dienste oder -Ressourcen verstanden, die Nutzern gegebenenfalls angeboten werden (im Folgenden \u201eDienste\u201c).<\/p><p data-start=\"1339\" data-end=\"1667\">Der Anbieter beh\u00e4lt sich das Recht vor, jederzeit und ohne vorherige Ank\u00fcndigung die Darstellung und Konfiguration der Website sowie die darin enthaltenen Inhalte und Dienste zu \u00e4ndern. Der Nutzer erkennt an und akzeptiert, dass der Zugriff auf bestimmte Elemente der Website unterbrochen, deaktiviert oder gel\u00f6scht werden kann.<\/p><p data-start=\"1669\" data-end=\"1834\">Der Zugang zur Website ist grunds\u00e4tzlich kostenlos, mit Ausnahme der Verbindungskosten \u00fcber das Telekommunikationsnetz des vom Nutzer beauftragten Internetanbieters.<\/p><p data-start=\"1836\" data-end=\"2068\">Einige Inhalte oder Dienste k\u00f6nnen jedoch einer vorherigen vertraglichen Vereinbarung bed\u00fcrfen. In diesen F\u00e4llen werden die entsprechenden allgemeinen oder besonderen Bedingungen klar angegeben und dem Nutzer zur Verf\u00fcgung gestellt.<\/p><p data-start=\"2070\" data-end=\"2252\">Die Nutzung bestimmter Inhalte oder Dienste kann eine vorherige Registrierung oder Anmeldung erfordern. Inhalte, die dies nicht erfordern, k\u00f6nnen ohne Registrierung verwendet werden.<\/p><p data-start=\"2254\" data-end=\"2268\"><strong data-start=\"2254\" data-end=\"2268\">Der Nutzer<\/strong><\/p><p data-start=\"2270\" data-end=\"2702\">Zugriff, Navigation und Nutzung der Website sowie der Bereiche f\u00fcr die Interaktion zwischen Nutzern (wie z.\u202fB. Kommentare und Blogs) verleihen dem Besucher den Status eines Nutzers. Mit der Nutzung werden alle hier festgelegten Bedingungen sowie etwaige \u00c4nderungen akzeptiert \u2013 unbeschadet geltender gesetzlicher Vorschriften. Aufgrund der Relevanz wird empfohlen, diese Bedingungen bei jedem Besuch der Website sorgf\u00e4ltig zu lesen.<\/p><p data-start=\"2704\" data-end=\"2858\">Die Website stellt eine Vielzahl an Informationen, Diensten und Daten bereit. Der Nutzer ist verantwortlich f\u00fcr eine ordnungsgem\u00e4\u00dfe Nutzung, insbesondere:<\/p><ul data-start=\"2860\" data-end=\"3338\"><li data-start=\"2860\" data-end=\"3041\"><p data-start=\"2862\" data-end=\"3041\">Keine Nutzung entgegen diesen Bedingungen, dem Gesetz, der Moral oder der \u00f6ffentlichen Ordnung oder in einer Weise, die Rechte Dritter oder den Betrieb der Website beeintr\u00e4chtigt.<\/p><\/li><li data-start=\"3042\" data-end=\"3338\"><p data-start=\"3044\" data-end=\"3338\">Richtigkeit und Rechtm\u00e4\u00dfigkeit der vom Nutzer in Formularen angegebenen Daten f\u00fcr den Zugang zu bestimmten Inhalten oder Diensten. Der Nutzer verpflichtet sich, den Anbieter \u00fcber jeglichen Missbrauch (z.\u202fB. Diebstahl, Verlust oder unbefugten Zugriff auf Passw\u00f6rter) unverz\u00fcglich zu informieren.<\/p><\/li><\/ul><p data-start=\"3340\" data-end=\"3557\">Der Anbieter beh\u00e4lt sich das Recht vor, Kommentare oder Beitr\u00e4ge zu entfernen, die gegen das Gesetz, die Menschenw\u00fcrde, oder die \u00f6ffentliche Ordnung versto\u00dfen oder aus anderen Gr\u00fcnden als unangemessen erachtet werden.<\/p><p data-start=\"3559\" data-end=\"3643\">Der Anbieter \u00fcbernimmt keine Verantwortung f\u00fcr die von Nutzern ge\u00e4u\u00dferten Meinungen.<\/p><p data-start=\"3645\" data-end=\"3762\">Der blo\u00dfe Zugriff auf diese Website begr\u00fcndet keinerlei gesch\u00e4ftliche Beziehung zwischen dem Anbieter und dem Nutzer.<\/p><p data-start=\"3764\" data-end=\"4016\">Der Nutzer erkl\u00e4rt, vollj\u00e4hrig zu sein und \u00fcber die n\u00f6tige Rechtsf\u00e4higkeit zu verf\u00fcgen, um an diese Bedingungen gebunden zu sein. Diese Website richtet sich daher nicht an Minderj\u00e4hrige. Der Anbieter lehnt jegliche Verantwortung bei Nichteinhaltung ab.<\/p><p data-start=\"4018\" data-end=\"4180\">Diese Website richtet sich an alle Personen, die das Recht haben, darauf zuzugreifen oder sie zu nutzen \u2013 unabh\u00e4ngig vom Alter \u2013, im Rahmen der geltenden Gesetze.<\/p><p data-start=\"4182\" data-end=\"4432\">Die Website richtet sich haupts\u00e4chlich an Nutzer mit Wohnsitz in Spanien. Der Anbieter \u00fcbernimmt keine Gew\u00e4hr, dass die Website ganz oder teilweise mit der Gesetzgebung anderer L\u00e4nder konform ist. Der Nutzer greift auf eigene Verantwortung darauf zu.<\/p><hr data-start=\"4434\" data-end=\"4437\" \/><p data-start=\"4439\" data-end=\"4505\"><strong data-start=\"4439\" data-end=\"4505\">III. ZUGANG UND NAVIGATION AUF DER WEBSITE: HAFTUNGSAUSSCHLUSS<\/strong><\/p><p data-start=\"4507\" data-end=\"4747\">Der Anbieter garantiert weder die Verf\u00fcgbarkeit noch die Kontinuit\u00e4t der Website oder ihrer Inhalte\/Dienste. Obwohl er sich um den reibungslosen Betrieb bem\u00fcht, wird keine Gew\u00e4hr f\u00fcr unterbrechungsfreien oder fehlerfreien Zugang \u00fcbernommen.<\/p><p data-start=\"4749\" data-end=\"4971\">Es wird auch keine Garantie f\u00fcr Inhalte oder Software gegeben, die auf der Website verf\u00fcgbar sind, noch f\u00fcr Sch\u00e4den, die am Computersystem des Nutzers entstehen k\u00f6nnen, einschlie\u00dflich Viren oder andere sch\u00e4dliche Elemente.<\/p><p data-start=\"4973\" data-end=\"5134\">Der Anbieter haftet nicht f\u00fcr Sch\u00e4den durch unsachgem\u00e4\u00dfe Nutzung der Website, insbesondere nicht f\u00fcr Unterbrechungen oder Ausf\u00e4lle der Telekommunikationsdienste.<\/p><hr data-start=\"5136\" data-end=\"5139\" \/><p data-start=\"5141\" data-end=\"5164\"><strong data-start=\"5141\" data-end=\"5164\">IV. LINK-RICHTLINIE<\/strong><\/p><p data-start=\"5166\" data-end=\"5310\">Die Website kann Links, Banner, Schaltfl\u00e4chen, Verzeichnisse oder Suchmaschinen bereitstellen, die den Zugriff auf Websites Dritter erm\u00f6glichen.<\/p><p data-start=\"5312\" data-end=\"5432\">Diese Links dienen ausschlie\u00dflich der Benutzerfreundlichkeit und stellen keine Empfehlung oder Einladung zum Besuch dar.<\/p><p data-start=\"5434\" data-end=\"5557\">Der Anbieter bietet keine \u00fcber diese Links vermarkteten Produkte\/Dienste an und ist nicht f\u00fcr deren Inhalte verantwortlich.<\/p><p data-start=\"5559\" data-end=\"5699\">Sponsoren oder Partnerlinks k\u00f6nnen Inhalte bereitstellen. F\u00fcr deren Richtigkeit, Qualit\u00e4t oder etwaige Fehler wird keine Haftung \u00fcbernommen.<\/p><p data-start=\"5701\" data-end=\"5792\">Es erfolgt keine Pr\u00fcfung oder Billigung verlinkter externer Inhalte, Produkte oder Dienste.<\/p><p data-start=\"5794\" data-end=\"5894\">F\u00fcr Sch\u00e4den durch den Zugriff auf solche externen Seiten \u00fcbernimmt der Anbieter keine Verantwortung.<\/p><p data-start=\"5896\" data-end=\"5910\"><strong data-start=\"5896\" data-end=\"5910\">Hyperlinks<\/strong><\/p><p data-start=\"5912\" data-end=\"6016\">Wer von einer externen Website einen Hyperlink zur Website des Anbieters setzt, muss Folgendes beachten:<\/p><ul data-start=\"6018\" data-end=\"6307\"><li data-start=\"6018\" data-end=\"6111\"><p data-start=\"6020\" data-end=\"6111\">Keine vollst\u00e4ndige oder teilweise Reproduktion von Inhalten ohne ausdr\u00fcckliche Genehmigung.<\/p><\/li><li data-start=\"6112\" data-end=\"6174\"><p data-start=\"6114\" data-end=\"6174\">Keine falschen oder irref\u00fchrenden Aussagen \u00fcber die Website.<\/p><\/li><li data-start=\"6175\" data-end=\"6307\"><p data-start=\"6177\" data-end=\"6307\">Die verlinkende Seite darf keine urheberrechtlich gesch\u00fctzten Inhalte der Website enthalten, au\u00dfer mit ausdr\u00fccklicher Genehmigung.<\/p><\/li><\/ul><p data-start=\"6309\" data-end=\"6411\">Ein Hyperlink bedeutet keine Beziehung zwischen dem Anbieter und dem Betreiber der verlinkenden Seite.<\/p><hr data-start=\"6413\" data-end=\"6416\" \/><p data-start=\"6418\" data-end=\"6471\"><strong data-start=\"6418\" data-end=\"6471\">V. GEWERBLICHE UND URHEBERRECHTLICHE SCHUTZRECHTE<\/strong><\/p><p data-start=\"6473\" data-end=\"6664\">Der Anbieter ist Inhaber aller geistigen und gewerblichen Eigentumsrechte an der Website sowie an ihren Inhalten (z.\u202fB. Bilder, Texte, Software, Videos, Marken, Logos, Struktur, Design usw.).<\/p><p data-start=\"6666\" data-end=\"6763\">Diese Werke sind durch spanische und europ\u00e4ische Gesetze sowie internationale Abkommen gesch\u00fctzt.<\/p><p data-start=\"6765\" data-end=\"6933\">Alle Rechte vorbehalten. Jegliche Reproduktion, Verbreitung oder \u00f6ffentliche Wiedergabe \u2013 ganz oder teilweise \u2013 zu kommerziellen Zwecken ohne Genehmigung ist untersagt.<\/p><p data-start=\"6935\" data-end=\"7141\">Der Nutzer verpflichtet sich, die Rechte zu respektieren. Er darf Inhalte nur f\u00fcr den pers\u00f6nlichen Gebrauch speichern oder ausdrucken. Ver\u00e4nderungen oder Entfernung von Schutzma\u00dfnahmen sind nicht gestattet.<\/p><p data-start=\"7143\" data-end=\"7283\">Bei Verletzung von Rechten soll dies dem Anbieter \u00fcber die im Abschnitt \u201eALLGEMEINE INFORMATIONEN\u201c angegebenen Kontaktdaten gemeldet werden.<\/p><hr data-start=\"7285\" data-end=\"7288\" \/><p data-start=\"7290\" data-end=\"7347\"><strong data-start=\"7290\" data-end=\"7347\">VI. RECHTSWEGE, ANWENDBARES RECHT UND GERICHTSBARKEIT<\/strong><\/p><p data-start=\"7349\" data-end=\"7508\">Der Anbieter beh\u00e4lt sich vor, zivil- oder strafrechtliche Schritte gegen missbr\u00e4uchliche Nutzung der Website oder Verst\u00f6\u00dfe gegen diese Bedingungen einzuleiten.<\/p><p data-start=\"7510\" data-end=\"7718\">Die Beziehung zwischen Nutzer und Anbieter unterliegt dem geltenden spanischen Recht. Im Falle von Streitigkeiten unterwerfen sich beide Parteien den zust\u00e4ndigen Gerichten gem\u00e4\u00df den gesetzlichen Vorschriften.<\/p><\/header><\/div><\/div><\/div><\/div><\/div><\/div><\/div>\t\t\t\t\t\t\t\t<\/div>\n\t\t\t\t<\/div>\n\t\t\t\t\t<\/div>\n\t\t<\/div>\n\t\t\t\t\t<\/div>\n\t\t<\/section>\n\t\t\t\t<\/div>\n\t\t","protected":false},"excerpt":{"rendered":"<p>Rechtliche Bekanntmachung I. ALLGEMEINE INFORMATIONEN In \u00dcbereinstimmung mit der Informationspflicht gem\u00e4\u00df dem Gesetz 34\/2002 \u00fcber Dienste der Informationsgesellschaft und des elektronischen Gesch\u00e4ftsverkehrs (LSSI-CE) vom 11. Juli werden nachfolgend die allgemeinen Informationen zu dieser Website bereitgestellt: Inhaber dieser Website, https:\/\/www.indiamallorca.com (im Folgenden \u201eWebsite\u201c), ist: Martinez Suard SL, mit der Steuernummer (NIF): B57327488, und mit folgenden Kontaktdaten: [&hellip;]<\/p>\n","protected":false},"author":6,"featured_media":0,"parent":0,"menu_order":0,"comment_status":"closed","ping_status":"closed","template":"","meta":{"_joinchat":[],"footnotes":""},"class_list":["post-3275","page","type-page","status-publish","hentry"],"_links":{"self":[{"href":"https:\/\/www.indiamallorca.com\/de\/wp-json\/wp\/v2\/pages\/3275","targetHints":{"allow":["GET"]}}],"collection":[{"href":"https:\/\/www.indiamallorca.com\/de\/wp-json\/wp\/v2\/pages"}],"about":[{"href":"https:\/\/www.indiamallorca.com\/de\/wp-json\/wp\/v2\/types\/page"}],"author":[{"embeddable":true,"href":"https:\/\/www.indiamallorca.com\/de\/wp-json\/wp\/v2\/users\/6"}],"replies":[{"embeddable":true,"href":"https:\/\/www.indiamallorca.com\/de\/wp-json\/wp\/v2\/comments?post=3275"}],"version-history":[{"count":4,"href":"https:\/\/www.indiamallorca.com\/de\/wp-json\/wp\/v2\/pages\/3275\/revisions"}],"predecessor-version":[{"id":3305,"href":"https:\/\/www.indiamallorca.com\/de\/wp-json\/wp\/v2\/pages\/3275\/revisions\/3305"}],"wp:attachment":[{"href":"https:\/\/www.indiamallorca.com\/de\/wp-json\/wp\/v2\/media?parent=3275"}],"curies":[{"name":"wp","href":"https:\/\/api.w.org\/{rel}","templated":true}]}}